{"id":5525,"date":"2024-06-27T12:45:37","date_gmt":"2024-06-27T12:45:37","guid":{"rendered":"https:\/\/demo.awaikenthemes.com\/builtup\/?page_id=5525"},"modified":"2025-05-28T23:23:21","modified_gmt":"2025-05-28T21:23:21","slug":"edv_schrott","status":"publish","type":"page","link":"https:\/\/hanseschrott.com\/?page_id=5525","title":{"rendered":"EDV Schrott"},"content":{"rendered":"<h1>EDV-Schrott Abholung &#038; Entsorgung<\/h1>\n<figure><img decoding=\"async\" src=\"https:\/\/hanseschrott.com\/wp-content\/uploads\/2025\/05\/edv_schrott_hanseschrott_bild02.jpg\" alt=\"edv_schrott_hanseschrott_bild02\" \/><\/figure>\n<figure><img decoding=\"async\" src=\"https:\/\/hanseschrott.com\/wp-content\/uploads\/2025\/05\/edv_schrott_hanseschrott_bild08.jpg\" alt=\"edv_schrott_hanseschrott_bild08\" \/><\/figure>\n<figure><img decoding=\"async\" src=\"https:\/\/hanseschrott.com\/wp-content\/uploads\/2025\/05\/edv_schrott_hanseschrott_bild03.jpg\" alt=\"edv_schrott_hanseschrott_bild03\" \/><\/figure>\n<figure><img decoding=\"async\" src=\"https:\/\/hanseschrott.com\/wp-content\/uploads\/2025\/05\/edv_schrott_hanseschrott_bild06.jpg\" alt=\"edv_schrott_hanseschrott_bild06\" \/><\/figure>\n<figure><img decoding=\"async\" src=\"https:\/\/hanseschrott.com\/wp-content\/uploads\/2025\/05\/edv_schrott_hanseschrott_bild04.jpg\" alt=\"edv_schrott_hanseschrott_bild04\" \/><\/figure>\n<p>\t\t\t\t\t\t<svg xmlns=\"http:\/\/www.w3.org\/2000\/svg\" width=\"36\" height=\"36\" viewBox=\"0 0 36 36\" fill=\"none\"><path d=\"M16.625 23.5L11.125 18M11.125 18L16.625 12.5M11.125 18H24.875M1.5 18C1.5 20.1668 1.92678 22.3124 2.75599 24.3143C3.58519 26.3161 4.80057 28.1351 6.33274 29.6673C7.86491 31.1994 9.68385 32.4148 11.6857 33.244C13.6876 34.0732 15.8332 34.5 18 34.5C20.1668 34.5 22.3124 34.0732 24.3143 33.244C26.3161 32.4148 28.1351 31.1994 29.6673 29.6673C31.1994 28.1351 32.4148 26.3161 33.244 24.3143C34.0732 22.3124 34.5 20.1668 34.5 18C34.5 13.6239 32.7616 9.42709 29.6673 6.33274C26.5729 3.23839 22.3761 1.5 18 1.5C13.6239 1.5 9.42709 3.23839 6.33274 6.33274C3.23839 9.42709 1.5 13.6239 1.5 18Z\" stroke=\"white\" stroke-width=\"1.5\" stroke-linecap=\"round\" stroke-linejoin=\"round\"><\/path><\/svg><br \/>\n\t\t\t\t\t\t<svg xmlns=\"http:\/\/www.w3.org\/2000\/svg\" width=\"35\" height=\"35\" viewBox=\"0 0 35 35\" fill=\"none\"><path d=\"M18.875 23L24.375 17.5M24.375 17.5L18.875 12M24.375 17.5H10.625M34 17.5C34 19.6668 33.5732 21.8124 32.744 23.8143C31.9148 25.8161 30.6994 27.6351 29.1673 29.1673C27.6351 30.6994 25.8161 31.9148 23.8143 32.744C21.8124 33.5732 19.6668 34 17.5 34C15.3332 34 13.1876 33.5732 11.1857 32.744C9.18385 31.9148 7.3649 30.6994 5.83274 29.1673C4.30057 27.6351 3.08519 25.8161 2.25599 23.8143C1.42678 21.8124 1 19.6668 1 17.5C1 13.1239 2.73839 8.92709 5.83274 5.83274C8.92709 2.73839 13.1239 1 17.5 1C21.8761 1 26.0729 2.73839 29.1673 5.83274C32.2616 8.92709 34 13.1239 34 17.5Z\" stroke=\"white\" stroke-width=\"1.5\" stroke-linecap=\"round\" stroke-linejoin=\"round\"><\/path><\/svg>\t\t\t\t\t<\/p>\n<h3>Technik von gestern \u2013 fachgerecht entsorgen lassen<\/h3>\n<p>Alte IT-Infrastruktur kann schnell zur Last werden \u2013 besonders bei Umz\u00fcgen, Umbauten oder Systemumstellungen. HanseSchrott ist auf die Abholung und Entsorgung von gewerblichem EDV-Schrott spezialisiert. Wir holen Ihre Altger\u00e4te ab und k\u00fcmmern uns um die sachgerechte Entsorgung.<\/p>\n<p><strong>Diese Ger\u00e4te entsorgen wir f\u00fcr sie:<\/strong><\/p>\n<ul>\n<li>\n\t\t\t\t\t\t\t\t\t\tDesktop-PCs, Laptops, Monitore\n\t\t\t\t\t\t\t\t\t<\/li>\n<li>\n\t\t\t\t\t\t\t\t\t\tDrucker, Scanner, Faxger\u00e4te\n\t\t\t\t\t\t\t\t\t<\/li>\n<li>\n\t\t\t\t\t\t\t\t\t\tServer, Netzwerkschr\u00e4nke, Switche\n\t\t\t\t\t\t\t\t\t<\/li>\n<li>\n\t\t\t\t\t\t\t\t\t\tKabel, Steckdosenleisten, Netzteile\n\t\t\t\t\t\t\t\t\t<\/li>\n<li>\n\t\t\t\t\t\t\t\t\t\tTelefonanlagen, Router, Kamerasysteme\n\t\t\t\t\t\t\t\t\t<\/li>\n<li>\n\t\t\t\t\t\t\t\t\t\tWenn Ihre gew\u00fcnschten Ger\u00e4te nicht aufgelistet sind, fragen Sie uns gerne an.\n\t\t\t\t\t\t\t\t\t<\/li>\n<\/ul>\n<p>\t\t\t\t\t\t\t\t\t\t\t\t\t\t\t<img loading=\"lazy\" decoding=\"async\" width=\"1200\" height=\"800\" src=\"https:\/\/hanseschrott.com\/wp-content\/uploads\/2025\/05\/edv_schrott_hanseschrott_bild05.jpg\" alt=\"\" srcset=\"https:\/\/hanseschrott.com\/wp-content\/uploads\/2025\/05\/edv_schrott_hanseschrott_bild05.jpg 1200w, https:\/\/hanseschrott.com\/wp-content\/uploads\/2025\/05\/edv_schrott_hanseschrott_bild05-300x200.jpg 300w, https:\/\/hanseschrott.com\/wp-content\/uploads\/2025\/05\/edv_schrott_hanseschrott_bild05-1024x683.jpg 1024w, https:\/\/hanseschrott.com\/wp-content\/uploads\/2025\/05\/edv_schrott_hanseschrott_bild05-768x512.jpg 768w\" sizes=\"auto, (max-width: 1200px) 100vw, 1200px\" \/><br \/>\n\t\t\t\t\t\t\t\t\t\t\t\t\t\t\t<img loading=\"lazy\" decoding=\"async\" width=\"1200\" height=\"800\" src=\"https:\/\/hanseschrott.com\/wp-content\/uploads\/2025\/05\/edv_schrott_hanseschrott_bild01.jpg\" alt=\"\" srcset=\"https:\/\/hanseschrott.com\/wp-content\/uploads\/2025\/05\/edv_schrott_hanseschrott_bild01.jpg 1200w, https:\/\/hanseschrott.com\/wp-content\/uploads\/2025\/05\/edv_schrott_hanseschrott_bild01-300x200.jpg 300w, https:\/\/hanseschrott.com\/wp-content\/uploads\/2025\/05\/edv_schrott_hanseschrott_bild01-1024x683.jpg 1024w, https:\/\/hanseschrott.com\/wp-content\/uploads\/2025\/05\/edv_schrott_hanseschrott_bild01-768x512.jpg 768w\" sizes=\"auto, (max-width: 1200px) 100vw, 1200px\" \/>\t\t\t\t\t\t\t\t\t\t\t\t\t\t\t<\/p>\n<h3>Wir demontieren auf Wunsch direkt vor Ort.<\/h3>\n<h4>Kein Ankauf \u2013 aber kostenlose oder g\u00fcnstige Mitnahme im Rahmen gr\u00f6\u00dferer R\u00e4umungen m\u00f6glich.<\/p>\n<\/h4>\n<p><strong>\ud83d\udccd EDV-Entsorgung f\u00fcr Praxen, B\u00fcros, Kanzleien, Werkst\u00e4tten und mehr<\/strong><\/p>\n","protected":false},"excerpt":{"rendered":"<p>EDV-Schrott Abholung &#038; Entsorgung Technik von gestern \u2013 fachgerecht entsorgen lassen Alte IT-Infrastruktur kann schnell zur Last werden \u2013 besonders bei Umz\u00fcgen, Umbauten oder Systemumstellungen. HanseSchrott ist auf die Abholung und Entsorgung von gewerblichem EDV-Schrott spezialisiert. Wir holen Ihre Altger\u00e4te ab und k\u00fcmmern uns um die sachgerechte Entsorgung. Diese Ger\u00e4te entsorgen wir f\u00fcr sie: Desktop-PCs, [&hellip;]<\/p>\n","protected":false},"author":1,"featured_media":0,"parent":0,"menu_order":0,"comment_status":"closed","ping_status":"closed","template":"elementor_header_footer","meta":{"footnotes":""},"class_list":["post-5525","page","type-page","status-publish","hentry"],"_links":{"self":[{"href":"https:\/\/hanseschrott.com\/index.php?rest_route=\/wp\/v2\/pages\/5525","targetHints":{"allow":["GET"]}}],"collection":[{"href":"https:\/\/hanseschrott.com\/index.php?rest_route=\/wp\/v2\/pages"}],"about":[{"href":"https:\/\/hanseschrott.com\/index.php?rest_route=\/wp\/v2\/types\/page"}],"author":[{"embeddable":true,"href":"https:\/\/hanseschrott.com\/index.php?rest_route=\/wp\/v2\/users\/1"}],"replies":[{"embeddable":true,"href":"https:\/\/hanseschrott.com\/index.php?rest_route=%2Fwp%2Fv2%2Fcomments&post=5525"}],"version-history":[{"count":14,"href":"https:\/\/hanseschrott.com\/index.php?rest_route=\/wp\/v2\/pages\/5525\/revisions"}],"predecessor-version":[{"id":6977,"href":"https:\/\/hanseschrott.com\/index.php?rest_route=\/wp\/v2\/pages\/5525\/revisions\/6977"}],"wp:attachment":[{"href":"https:\/\/hanseschrott.com\/index.php?rest_route=%2Fwp%2Fv2%2Fmedia&parent=5525"}],"curies":[{"name":"wp","href":"https:\/\/api.w.org\/{rel}","templated":true}]}}