{"id":5530,"date":"2024-06-27T12:49:13","date_gmt":"2024-06-27T12:49:13","guid":{"rendered":"https:\/\/demo.awaikenthemes.com\/builtup\/?page_id=5530"},"modified":"2025-05-28T23:23:26","modified_gmt":"2025-05-28T21:23:26","slug":"industrie_und_demontage","status":"publish","type":"page","link":"https:\/\/hanseschrott.com\/?page_id=5530","title":{"rendered":"Industrie &#038; Demontage"},"content":{"rendered":"<h1>Industrieentr\u00fcmpelung<br \/>\n&#038; Maschinen-Demontage<\/h1>\n<figure><img decoding=\"async\" src=\"https:\/\/hanseschrott.com\/wp-content\/uploads\/2025\/05\/industrie_und_demontage_hanseschrott_bild04.jpg\" alt=\"industrie_und_demontage_hanseschrott_bild04\" \/><\/figure>\n<figure><img decoding=\"async\" src=\"https:\/\/hanseschrott.com\/wp-content\/uploads\/2025\/05\/industrie_und_demontage_hanseschrott_bild06.jpg\" alt=\"industrie_und_demontage_hanseschrott_bild06\" \/><\/figure>\n<figure><img decoding=\"async\" src=\"https:\/\/hanseschrott.com\/wp-content\/uploads\/2025\/05\/industrie_und_demontage_hanseschrott_bild10-1.jpg\" alt=\"industrie_und_demontage_hanseschrott_bild10\" \/><\/figure>\n<figure><img decoding=\"async\" src=\"https:\/\/hanseschrott.com\/wp-content\/uploads\/2025\/05\/industrie_und_demontage_hanseschrott_bild11-1.jpg\" alt=\"industrie_und_demontage_hanseschrott_bild11\" \/><\/figure>\n<figure><img decoding=\"async\" src=\"https:\/\/hanseschrott.com\/wp-content\/uploads\/2025\/05\/industrie_und_demontage_hanseschrott_bild05.jpg\" alt=\"industrie_und_demontage_hanseschrott_bild05\" \/><\/figure>\n<figure><img decoding=\"async\" src=\"https:\/\/hanseschrott.com\/wp-content\/uploads\/2025\/05\/industrie_und_demontage_hanseschrott_bild07.jpg\" alt=\"industrie_und_demontage_hanseschrott_bild07\" \/><\/figure>\n<figure><img decoding=\"async\" src=\"https:\/\/hanseschrott.com\/wp-content\/uploads\/2025\/05\/industrie_und_demontage_hanseschrott_bild08.jpg\" alt=\"industrie_und_demontage_hanseschrott_bild08\" \/><\/figure>\n<figure><img decoding=\"async\" src=\"https:\/\/hanseschrott.com\/wp-content\/uploads\/2025\/05\/industrie_und_demontage_hanseschrott_bild09.jpg\" alt=\"industrie_und_demontage_hanseschrott_bild09\" \/><\/figure>\n<p>\t\t\t\t\t\t<svg xmlns=\"http:\/\/www.w3.org\/2000\/svg\" width=\"36\" height=\"36\" viewBox=\"0 0 36 36\" fill=\"none\"><path d=\"M16.625 23.5L11.125 18M11.125 18L16.625 12.5M11.125 18H24.875M1.5 18C1.5 20.1668 1.92678 22.3124 2.75599 24.3143C3.58519 26.3161 4.80057 28.1351 6.33274 29.6673C7.86491 31.1994 9.68385 32.4148 11.6857 33.244C13.6876 34.0732 15.8332 34.5 18 34.5C20.1668 34.5 22.3124 34.0732 24.3143 33.244C26.3161 32.4148 28.1351 31.1994 29.6673 29.6673C31.1994 28.1351 32.4148 26.3161 33.244 24.3143C34.0732 22.3124 34.5 20.1668 34.5 18C34.5 13.6239 32.7616 9.42709 29.6673 6.33274C26.5729 3.23839 22.3761 1.5 18 1.5C13.6239 1.5 9.42709 3.23839 6.33274 6.33274C3.23839 9.42709 1.5 13.6239 1.5 18Z\" stroke=\"white\" stroke-width=\"1.5\" stroke-linecap=\"round\" stroke-linejoin=\"round\"><\/path><\/svg><br \/>\n\t\t\t\t\t\t<svg xmlns=\"http:\/\/www.w3.org\/2000\/svg\" width=\"35\" height=\"35\" viewBox=\"0 0 35 35\" fill=\"none\"><path d=\"M18.875 23L24.375 17.5M24.375 17.5L18.875 12M24.375 17.5H10.625M34 17.5C34 19.6668 33.5732 21.8124 32.744 23.8143C31.9148 25.8161 30.6994 27.6351 29.1673 29.1673C27.6351 30.6994 25.8161 31.9148 23.8143 32.744C21.8124 33.5732 19.6668 34 17.5 34C15.3332 34 13.1876 33.5732 11.1857 32.744C9.18385 31.9148 7.3649 30.6994 5.83274 29.1673C4.30057 27.6351 3.08519 25.8161 2.25599 23.8143C1.42678 21.8124 1 19.6668 1 17.5C1 13.1239 2.73839 8.92709 5.83274 5.83274C8.92709 2.73839 13.1239 1 17.5 1C21.8761 1 26.0729 2.73839 29.1673 5.83274C32.2616 8.92709 34 13.1239 34 17.5Z\" stroke=\"white\" stroke-width=\"1.5\" stroke-linecap=\"round\" stroke-linejoin=\"round\"><\/path><\/svg>\t\t\t\t\t<\/p>\n<h3>Wenn\u2019s richtig gro\u00df wird \u2013 HanseSchrott ist bereit<\/p>\n<\/h3>\n<p>Produktionshallen, Industrieanlagen und technische Betriebe stellen bei der Entr\u00fcmpelung besondere Anforderungen. Ob es um stillgelegte Maschinen, Werkb\u00e4nke, Rohrleitungen oder F\u00f6rderanlagen geht \u2013 HanseSchrott hat das Know-how und die Technik, um auch schwere Demontagearbeiten zuverl\u00e4ssig durchzuf\u00fchren.<\/p>\n<p><strong>Unsere Industrie-Dienstleistungen:<\/strong><\/p>\n<ul>\n<li>\n\t\t\t\t\t\t\t\t\t\tZerlegung und Abtransport von Maschinen, Metallkonstruktionen, Industrieanlagen\n\t\t\t\t\t\t\t\t\t<\/li>\n<li>\n\t\t\t\t\t\t\t\t\t\tR\u00fcckbau von Werkstatteinrichtungen, Produktionslinien, Rohrsystemen\n\t\t\t\t\t\t\t\t\t<\/li>\n<li>\n\t\t\t\t\t\t\t\t\t\tContainerbereitstellung f\u00fcr Altmetall und Wertstoffe\n\t\t\t\t\t\t\t\t\t<\/li>\n<li>\n\t\t\t\t\t\t\t\t\t\tTransport mit Hubwagen, Gabelstapler, Kraneinsatz (nach Absprache)\n\t\t\t\t\t\t\t\t\t<\/li>\n<li>\n\t\t\t\t\t\t\t\t\t\tEntsorgung von EDV-Schrott aus Steuerzentralen, Netzwerkschr\u00e4nken u.\u202fv.\u202fm.\n\t\t\t\t\t\t\t\t\t<\/li>\n<\/ul>\n<p>\t\t\t\t\t\t\t\t\t\t\t\t\t\t\t<img loading=\"lazy\" decoding=\"async\" width=\"1200\" height=\"800\" src=\"https:\/\/hanseschrott.com\/wp-content\/uploads\/2025\/05\/industrie_und_demontage_hanseschrott_bild02.jpg\" alt=\"\" srcset=\"https:\/\/hanseschrott.com\/wp-content\/uploads\/2025\/05\/industrie_und_demontage_hanseschrott_bild02.jpg 1200w, https:\/\/hanseschrott.com\/wp-content\/uploads\/2025\/05\/industrie_und_demontage_hanseschrott_bild02-300x200.jpg 300w, https:\/\/hanseschrott.com\/wp-content\/uploads\/2025\/05\/industrie_und_demontage_hanseschrott_bild02-1024x683.jpg 1024w, https:\/\/hanseschrott.com\/wp-content\/uploads\/2025\/05\/industrie_und_demontage_hanseschrott_bild02-768x512.jpg 768w\" sizes=\"auto, (max-width: 1200px) 100vw, 1200px\" \/><br \/>\n\t\t\t\t\t\t\t\t\t\t\t\t\t\t\t<img loading=\"lazy\" decoding=\"async\" width=\"1200\" height=\"800\" src=\"https:\/\/hanseschrott.com\/wp-content\/uploads\/2025\/05\/industrie_und_demontage_hanseschrott_bild01.jpg\" alt=\"\" srcset=\"https:\/\/hanseschrott.com\/wp-content\/uploads\/2025\/05\/industrie_und_demontage_hanseschrott_bild01.jpg 1200w, https:\/\/hanseschrott.com\/wp-content\/uploads\/2025\/05\/industrie_und_demontage_hanseschrott_bild01-300x200.jpg 300w, https:\/\/hanseschrott.com\/wp-content\/uploads\/2025\/05\/industrie_und_demontage_hanseschrott_bild01-1024x683.jpg 1024w, https:\/\/hanseschrott.com\/wp-content\/uploads\/2025\/05\/industrie_und_demontage_hanseschrott_bild01-768x512.jpg 768w\" sizes=\"auto, (max-width: 1200px) 100vw, 1200px\" \/>\t\t\t\t\t\t\t\t\t\t\t\t\t\t\t<\/p>\n<h3>Unsere Dienstleistungen sind f\u00fcr:<\/h3>\n<p>\t\t\u2022 Fertigungsbetriebe\u2022 Lagerhallen und Werkst\u00e4tten\u2022 Logistikunternehmen\u2022 Anlagenbauer und industrielle Dienstleister\u00a0<strong>Industrieentr\u00fcmpelung in Hamburg und Umgebung \u2013 sicher, erfahren, effizient.<\/strong>\u00a0<\/p>\n","protected":false},"excerpt":{"rendered":"<p>Industrieentr\u00fcmpelung &#038; Maschinen-Demontage Wenn\u2019s richtig gro\u00df wird \u2013 HanseSchrott ist bereit Produktionshallen, Industrieanlagen und technische Betriebe stellen bei der Entr\u00fcmpelung besondere Anforderungen. Ob es um stillgelegte Maschinen, Werkb\u00e4nke, Rohrleitungen oder F\u00f6rderanlagen geht \u2013 HanseSchrott hat das Know-how und die Technik, um auch schwere Demontagearbeiten zuverl\u00e4ssig durchzuf\u00fchren. Unsere Industrie-Dienstleistungen: Zerlegung und Abtransport von Maschinen, Metallkonstruktionen, Industrieanlagen [&hellip;]<\/p>\n","protected":false},"author":1,"featured_media":0,"parent":0,"menu_order":0,"comment_status":"closed","ping_status":"closed","template":"elementor_header_footer","meta":{"footnotes":""},"class_list":["post-5530","page","type-page","status-publish","hentry"],"_links":{"self":[{"href":"https:\/\/hanseschrott.com\/index.php?rest_route=\/wp\/v2\/pages\/5530","targetHints":{"allow":["GET"]}}],"collection":[{"href":"https:\/\/hanseschrott.com\/index.php?rest_route=\/wp\/v2\/pages"}],"about":[{"href":"https:\/\/hanseschrott.com\/index.php?rest_route=\/wp\/v2\/types\/page"}],"author":[{"embeddable":true,"href":"https:\/\/hanseschrott.com\/index.php?rest_route=\/wp\/v2\/users\/1"}],"replies":[{"embeddable":true,"href":"https:\/\/hanseschrott.com\/index.php?rest_route=%2Fwp%2Fv2%2Fcomments&post=5530"}],"version-history":[{"count":29,"href":"https:\/\/hanseschrott.com\/index.php?rest_route=\/wp\/v2\/pages\/5530\/revisions"}],"predecessor-version":[{"id":6984,"href":"https:\/\/hanseschrott.com\/index.php?rest_route=\/wp\/v2\/pages\/5530\/revisions\/6984"}],"wp:attachment":[{"href":"https:\/\/hanseschrott.com\/index.php?rest_route=%2Fwp%2Fv2%2Fmedia&parent=5530"}],"curies":[{"name":"wp","href":"https:\/\/api.w.org\/{rel}","templated":true}]}}