{"id":6867,"date":"2025-05-28T12:47:39","date_gmt":"2025-05-28T10:47:39","guid":{"rendered":"https:\/\/hanseschrott.com\/?page_id=6867"},"modified":"2025-05-28T23:38:08","modified_gmt":"2025-05-28T21:38:08","slug":"impressum-datenschutz","status":"publish","type":"page","link":"https:\/\/hanseschrott.com\/?page_id=6867","title":{"rendered":"Impressum &amp; Datenschutz"},"content":{"rendered":"<h1 data-fontsize=\"34\" data-lineheight=\"47.6px\">Impressum<\/h1>\n<p>Angaben gem\u00e4\u00df \u00a7 5 TMG:<\/p>\n<p><strong>HSG Hanse Schrott GmbH<\/strong><br \/><strong>Inhaber:\u00a0<\/strong>Herr Farsad Wakilzadah<br \/>Langbergring 57 A<br \/>21033 Hamburg<\/p>\n<p><strong>Telefon:\u00a0<\/strong>0163 5002803<br \/><strong>E-Mail:\u00a0<\/strong><a title=\"E-Mail senden\" href=\"mailto:info@schrottabholung-hamburg.de\">info@hanseschrott.com<\/a><\/p>\n<p><strong>Vertretungs\u00adberechtigter:<br \/><\/strong>Farsad\u00a0Wakilzadah<\/p>\n<p><strong>Registerblatt:<br \/><\/strong>HRB 180577<\/p>\n<h2 data-fontsize=\"32\" data-lineheight=\"41.92px\">Allgemeiner Disclaimer<\/h2>\n<p>\u201eF\u00fcr Vollst\u00e4ndigkeit, Fehler redaktioneller und technischer Art, Auslassungen usw. sowie die Richtigkeit der Eintragungen kann keine Haftung \u00fcbernommen werden. Insbesondere kann keine Gew\u00e4hr f\u00fcr die Vollst\u00e4ndigkeit und Richtigkeit von Informationen \u00fcbernommen werden, die \u00fcber weiterf\u00fchrende Links erreicht werden. Anbieter sind f\u00fcr die eigenen Inhalte, die sie zur Nutzung bereithalten, nach den allgemeinen Gesetzen verantwortlich. Von diesen eigenen Inhalten sind Querverweise auf die von anderen Anbietern bereitgehaltenen Inhalte zu unterscheiden. Die Verweise durch Hyperlinks auf Inhalte fremder Webseiten dienen lediglich der Information. Die Verantwortlichkeit f\u00fcr diese fremden Inhalte liegt alleine bei dem Anbieter, der die Inhalte bereith\u00e4lt. Vor dem Einrichten des entsprechenden Verweises sind die Webseiten der anderen Anbieter mit gro\u00dfer Sorgfalt und nach bestem Wissen und Gewissen \u00fcberpr\u00fcft worden. Es kann jedoch keine Gew\u00e4hr f\u00fcr die Vollst\u00e4ndigkeit und Richtigkeit von Informationen \u00fcbernommen werden, die \u00fcber weiterf\u00fchrende Hyperlinks erreicht werden. Der Inhalt der anderen Webseiten kann jederzeit ohne unser Wissen ge\u00e4ndert werden. F\u00fcr s\u00e4mtliche Links auf diesen Seiten gilt: Wir betonen, dass wir keinen Einfluss auf die Gestaltung und die Inhalte der durch Link von unserer Homepage aus erreichbaren Seiten anderer Anbieter haben und uns deren Inhalt nicht zu eigen machen. Diese Erkl\u00e4rung gilt f\u00fcr alle Seiten dieser Homepage und die dort angebrachten Links. Falls wir auf Seiten verweisen, deren Inhalt Anlass zur Beanstandung gibt, bitten wir um Mitteilung.\u201c<\/p>\n<h2 data-fontsize=\"32\" data-lineheight=\"41.92px\">Datenschutz\u00aderkl\u00e4rung<\/h2>\n<ol>\n<li><b>Wir legen Wert auf den Schutz personenbezogener Daten.<\/b>Wir erheben, verarbeiten und nutzen Ihre personenbezogenen Daten ausschlie\u00dflich gem\u00e4\u00df den Bestimmungen des deutschen Datenschutzrechts. Im Folgenden unterrichten wir Sie \u00fcber Art, Umfang und Zwecke der Erhebung, Verarbeitung und Nutzung personenbezogener Daten. Sie k\u00f6nnen diese Unterrichtung jederzeit auf unserer Webseite abrufen. Falls Sie \u00fcber Links auf unseren Seiten auf andere Seiten weitergeleitet werden, informieren Sie sich bitte dort \u00fcber den jeweiligen Umgang mit Ihren Daten.<br \/>Sie k\u00f6nnen diese Webseite jederzeit abrufen, ohne Angaben \u00fcber Ihre Person zu machen.<\/li>\n<li><b>Daten\u00fcbermittlung und -protokollierung zu systeminternen und statistischen Zwecken<\/b>Wir erheben und speichern automatisch in sogenannten Server Log Files Informationen, die Ihr Internet-Browser (\u00fcber einen PC oder ein mobiles Endger\u00e4t) an uns \u00fcbermittelt. Dies sind unter anderem:\n<ul>\n<li>Browsertyp\/ -version<\/li>\n<li>Verwendetes Betriebssystem<\/li>\n<li>Referrer URL (die zuvor besuchte Seite)<\/li>\n<li>Hostname des zugreifenden Rechners (IP Adresse)<\/li>\n<li>Datum und Uhrzeit der Serveranfrage<\/li>\n<li>Meldung, ob der Abruf erfolgreich war<\/li>\n<li>Name der abgerufenen Datei<\/li>\n<li>Menge der gesendeten Daten.<\/li>\n<\/ul>\n<p>Eine Zuordnung dieser Daten zu einer bestimmten Person ist uns nicht m\u00f6glich. Eine Zusammenf\u00fchrung dieser Daten mit anderen Datenquellen wird nicht vorgenommen. Diese Daten werden zu statistischen Zwecken, um die Qualit\u00e4t dieser Webseite und der Services dieser Webseite zu verbessern ausgewertet und im Anschluss gel\u00f6scht.<br \/>Weitergehende personenbezogene Daten werden nur erfasst, wenn Sie diese Angaben freiwillig, etwa im Rahmen einer Anfrage oder Registrierung machen.<\/p>\n<\/li>\n<li><b>Kontaktdaten versenden<\/b>Wenn Kontaktdaten \u00fcber Email oder SMS \u00fcber diese Webseite verwendet werden, werden diese ausschlie\u00dflich zur Abwicklung des entsprechenden Dienstes, zu Abrechnungszwecken und zur Vermeidung und zur Bek\u00e4mpfung von Missbrauchsf\u00e4llen gespeichert. Bez\u00fcglich Art und Dauer der Speicherung beachten wir die geltenden rechtlichen Bestimmungen.<\/li>\n<li><b>Cookies<\/b><strong>\u201eCookies\u201c<\/strong>sind alphanumerische Identifizierungszeichen, die tempor\u00e4r im Arbeitsspeicher abgelegt (\u201eSession Cookies\u201c) oder permanent auf der Festplatte gespeichert (\u201epermanenter Cookie\u201c) werden.<br \/>Wir setzen auf dieser Webseite sogenannte Cookies ein und erheben, verarbeiten und nutzen damit Ihre Nutzungsdaten. Der Einsatz dieser Cookies dient dazu, diese Webseite nutzerfreundlicher, effektiver und sicherer zu machen. Wenn Sie diese Webseite besuchen, ohne ein Mitgliedskonto eingerichtet zu haben, werden die von Ihnen eingegebenen Daten ausschlie\u00dflich in einem Cookie auf Ihrem Computer gespeichert. Daten werden in diesem Fall nur bei einer Seitenanforderung an die Server dieser Webseite \u00fcbermittelt. Die Werbepartner der Webseite setzen zur Optimierung der Schaltung von Werbeanzeigen ebenfalls Cookies ein, wobei diese Daten nicht dazu benutzt werden, den Besucher dieser Webseite pers\u00f6nlich zu identifizieren und nicht mit personenbezogenen Daten zusammengef\u00fchrt werden.<br \/>Diese Webseite verwendet einerseits sogenannte \u201eSession-Cookies\u201c, die ausschlie\u00dflich f\u00fcr die Dauer der Nutzung eines Nutzers dieser Webseite zwischengespeichert werden.<br \/>Zum anderen benutzt diese Webseite \u201epermanente Cookies\u201c, um Informationen \u00fcber Besucher festzuhalten, die wiederholt auf eine unserer Internetseiten zugreifen. Der Zweck des Einsatzes dieser Cookies besteht darin, Ihnen eine optimale Benutzerf\u00fchrung anbieten zu k\u00f6nnen sowie Sie \u201ewiederzuerkennen\u201c und Ihnen bei wiederholter Nutzung eine m\u00f6glichst abwechslungsreiche Internetseite und neue Inhalte pr\u00e4sentieren zu k\u00f6nnen.<br \/><strong>Eine Nutzung dieser Webseite ist auch ohne Cookies m\u00f6glich. Sie k\u00f6nnen in Ihrem Browser das Speichern von Cookies deaktivieren, auf bestimmte Webseiten beschr\u00e4nken oder Ihren Browser so einstellen, dass Sie benachrichtigt werden, sobald ein Cookie gesendet wird. Sie k\u00f6nnen Cookies auch jederzeit von der Festplatte Ihres PC l\u00f6schen (Ordner: \u201eCookies\u201c).\u00a0<\/strong>Sie m\u00fcssen aber beachten, dass wenn funktionsbezogene Cookies abgelehnt werden sollten, die Funktionalit\u00e4t dieser Webseite nicht oder nur eingeschr\u00e4nkt m\u00f6glich ist; denn bestimmte Funktionen sind nur verf\u00fcgbar, wenn und soweit dem Einsatz funktionsbezogener Cookies zugestimmt wird.<\/li>\n<li><b>PIWIK<\/b>Diese Website benutzt\u00a0<a title=\"Piwik\" href=\"http:\/\/piwik.org\/\" target=\"_blank\" rel=\"nofollow noopener\">Piwik<\/a>, eine Open-Source-Software zur statistischen Auswertung der Besucherzugriffe. Piwik verwendet sog. \u201eCookies\u201c, Textdateien, die auf Ihrem Computer gespeichert werden und die eine Analyse der Benutzung der Website durch Sie erm\u00f6glichen. Die durch den Cookie erzeugten Informationen \u00fcber Ihre Benutzung dieses Internetangebotes werden auf dem Server des Anbieters in Deutschland gespeichert. Die IP-Adresse wird sofort nach der Verarbeitung und vor deren Speicherung anonymisiert.<br \/><strong>Sie k\u00f6nnen die Installation der Cookies durch eine entsprechende Einstellung Ihrer Browser-Software verhindern; wir weisen Sie jedoch darauf hin, dass Sie in diesem Fall gegebenenfalls nicht s\u00e4mtliche Funktionen dieser Website vollumf\u00e4nglich nutzen k\u00f6nnen.<\/strong><br \/>Sie k\u00f6nnen der Datenverarbeitung durch PIWIK durch Setzen eines H\u00e4kchens wie folgt widersprechen:<iframe loading=\"lazy\" src=\"http:\/\/piwik.11880-hosting.com\/index.php?module=CoreAdminHome&amp;action=optOut&amp;language=de\" width=\"300\" height=\"150\" data-mce-fragment=\"1\"><\/iframe><\/li>\n<li><b>Urheberrecht<\/b>Texte, Layout, Bilder, Grafiken und Funktionalit\u00e4ten sind gesetzlich gesch\u00fctzt. Dies betrifft insbesondere Markenrechte und alle anderen Formen geistiger Eigentumsrechte. Eine Verwendung, Vervielf\u00e4ltigung, Ver\u00e4nderung oder Weitergabe einzelner Inhalte und\/oder kompletter Seiten auch in anderen elektronischen oder gedruckten Publikationen ist ohne ausdr\u00fcckliche Genehmigung des Rechteinhabers nicht zul\u00e4ssig. Zuwiderhandlungen werden zivil- und strafrechtlich verfolgt.<\/li>\n<li><b>Verwendung von Plugins<\/b>\n<ol>\n<li><b>Verwendung von Facebook Social Plugins<\/b>Dieser Internetauftritt verwendet auf der gesamten Homepage Social Plugins (\u201ePlugins\u201c) des sozialen Netzwerkes facebook.com, welches von der Facebook Inc., 1601 S. California Ave, Palo Alto, CA 94304, USA betrieben wird (\u201eFacebook\u201c). Die Plugins sind an einem der Facebook Logos (wei\u00dfes \u201ef\u201c auf blauer Kachel oder ein \u201eDaumen hoch\u201c \u2013 Zeichen) oder sind mit dem Zusatz \u201eFacebook Social Plugin\u201c gekennzeichnet. Die Liste und das Aussehen der Facebook Social Plugins kann hier eingesehen werden:\u00a0<a title=\"Facebook\" href=\"http:\/\/fws.telegate.com\/shorturl\/privacyfbplgin\" target=\"_blank\" rel=\"nofollow noopener\">http:\/\/developers.facebook.com\/plugins<\/a>.Wenn Sie eine Webseite unseres Internetauftritts aufrufen, die ein solches Plugin enth\u00e4lt, baut Ihr Browser eine direkte Verbindung mit den Servern von Facebook auf. Der Inhalt des Plugins wird von Facebook direkt an Ihren Browser \u00fcbermittelt und von diesem in die Webseite eingebunden. Wir haben daher keinen Einfluss auf den Umfang der Daten, die Facebook mit Hilfe dieses Plugins erhebt und informieren Sie daher entsprechend unserem\u00a0<strong>Kenntnisstand<\/strong>:<br \/>Durch die Einbindung der Plugins erh\u00e4lt Facebook die Information, dass Sie die entsprechende Seite unseres Internetauftritts aufgerufen haben. Sind Sie bei Facebook eingeloggt, kann Facebook den Besuch Ihrem Facebook-Konto zuordnen. Wenn Sie mit den Plugins interagieren, zum Beispiel den Like Button bet\u00e4tigen oder einen Kommentar abgeben, wird die entsprechende Information von Ihrem Browser direkt an Facebook \u00fcbermittelt und dort gespeichert. Falls Sie kein Mitglied von Facebook sind, besteht trotzdem die M\u00f6glichkeit, dass Facebook Ihre IP-Adresse in Erfahrung bringt und speichert.Zweck und Umfang der Datenerhebung und die weitere Verarbeitung und Nutzung der Daten durch Facebook sowie Ihre diesbez\u00fcglichen Rechte und Einstellungsm\u00f6glichkeiten zum Schutz Ihrer Privatsph\u00e4re entnehmen Sie bitte den Datenschutzhinweisen von Facebook in der jeweils g\u00fcltigen Form:\u00a0<a title=\"Facebook Datenschutz\" href=\"http:\/\/fws.telegate.com\/shorturl\/privacyfbexpl\" target=\"_blank\" rel=\"nofollow noopener\">http:\/\/www.facebook.com\/privacy\/explanation.php<\/a>.\n<p>Sofern Sie nicht m\u00f6chten, dass Facebook \u00fcber unseren Internetauftritt Daten \u00fcber Sie sammelt, sollten Sie sich vor Ihrem Besuch unseres Internetauftritts bei Facebook ausloggen.<\/p>\n<p>Es ist auch m\u00f6glich Facebook-Social-Plugins mit Add-ons f\u00fcr Ihren Browser zu blocken, zum Beispiel mit dem \u201c\u00a0<strong>Facebook Blocker<\/strong>\u201e.<\/p>\n<\/li>\n<li><b>Verwendung von Xing\/ Linkedin und Twitter Social Plugins<\/b>Dieser Internetauftritt verwendet auf der gesamten Homepage Social Plugins (\u201ePlugins\u201c) der folgenden sozialen Netzwerke:\n<ul>\n<li><strong>xing.com<\/strong>, welches von der Xing AG, G\u00e4nsemarktstr. 43, 20354 Hamburg betrieben wird (\u201eXing\u201c). Die Plugins sind mit einem Xing Logo gekennzeichnet.<\/li>\n<li><strong>linkedin.com<\/strong>, welches von der LinkedIn Corporation, 2029 Stierlin Court,Mountain View, CA 94043 USA betrieben wird (\u201elinkedin\u201c). Die Plugins sind mit einem Linkedin Logo gekennzeichnet.<\/li>\n<li><strong>twitter.com<\/strong>, welches von der Twitter Inc., 795 Folsom St., Suite 600, San Francisco CA 94107, USA betrieben wird (\u201eTwitter\u201c). Die Plugins sind mit einem Twitter Logo oder dem Zusatz \u201eTwitter Social Plugin\u201c gekennzeichnet.<\/li>\n<\/ul>\n<p>Wenn Sie eine Webseite unseres Internetauftritts aufrufen, in welche ein solches Plugin integriert ist, baut Ihr Browser eine direkte Verbindung mit den Servern des jeweiligen sozialen Netzwerks Xing\/ Linkedin\/Twitter auf. Der Inhalt des Plugins wird von Xing\/ Linkedin\/Twitter direkt an Ihren Browser \u00fcbermittelt und von diesem in die Webseite eingebunden. Wir haben daher keinen Einfluss auf den Umfang der Daten, die Xing\/ Linkedin\/ Twitter mit Hilfe des Plugins erhebt und informieren Sie daher entsprechend unserem\u00a0<strong>Kenntnisstand<\/strong>:<br \/>Durch die Einbindung der Plugins erh\u00e4lt Xing\/ Linkedin\/ Twitter die Information, dass Sie die entsprechende Seite unseres Internetauftritts aufgerufen haben. Sofern Sie gleichzeitig bei Xing\/ Linkedin\/ Twitter eingeloggt sind, kann Xing\/ Linkedin\/Twitter den Besuch Ihrem Xing-\/ Linkedin-\/Twitter \u2013 Konto zuordnen. Wenn Sie mit den Plugins interagieren, zum Beispiel den \u201eGef\u00e4llt mir\u201c Button bet\u00e4tigen oder einen Kommentar abgeben, wird die entsprechende Information von Ihrem Browser direkt an Xing\/ Linkedin\/ Twitter \u00fcbermittelt und dort gespeichert. Falls Sie kein Mitglied von Xing\/ Linkedin\/ Twitter sind, besteht trotzdem die M\u00f6glichkeit, dass Xing\/ Linkedin\/ Twitter Ihre IP-Adresse in Erfahrung bringt und speichert.<\/p>\n<p>Zweck und Umfang der Datenerhebung und die weitere Verarbeitung und Nutzung der Daten durch Xing\/ Linkedin\/ Twitter sowie Ihre diesbez\u00fcglichen Rechte und Einstellungsm\u00f6glichkeiten zum Schutz Ihrer Privatsph\u00e4re entnehmen Sie bitte den Datenschutzhinweisen des jeweiligen (sozialen) Netzwerks Xing\/ Linkedin\/ Twitter in der jeweils g\u00fcltigen Form. Zu finden unter:<\/p>\n<ul>\n<li>Xing:\u00a0<a title=\"Xing Datenschutz\" href=\"http:\/\/fws.telegate.com\/shorturl\/privacyxing\" target=\"_blank\" rel=\"nofollow noopener\">http:\/\/www.xing.com\/privacy<\/a><\/li>\n<li>Linkedin:\u00a0<a title=\"Linkedin Datenschutz\" href=\"http:\/\/fws.telegate.com\/shorturl\/privacylinkedin\" target=\"_blank\" rel=\"nofollow noopener\">http:\/\/de.linkedin.com\/legal\/privacy-policy<\/a><\/li>\n<li>Twitter:\u00a0<a title=\"Twitter Datenschutz\" href=\"http:\/\/fws.telegate.com\/shorturl\/privacytwitter\" target=\"_blank\" rel=\"nofollow noopener\">https:\/\/twitter.com\/privacy<\/a><\/li>\n<\/ul>\n<p>Sofern Sie nicht m\u00f6chten, dass Xing\/ Linkedin\/ Twitter \u00fcber unseren Internetauftritt Daten \u00fcber Sie sammelt, sollten Sie sich vor Ihrem Besuch unseres Internetauftritts bei Xing\/ Linkedin\/Twitter ausloggen.<\/p>\n<p>Ebenfalls ist es m\u00f6glich die Xing- \/ Linkedin- \/ Twitter- Plugins mit Add-ons f\u00fcr Ihren Browser zu blocken.<\/p>\n<\/li>\n<li id=\"plgGplus\"><b>Verwendung der Google \u201e+1\u201c-Schaltfl\u00e4che<\/b>Dieser Internetauftritt verwendet auf der gesamten Homepage die \u201e+1\u201c \u2013 Schaltfl\u00e4che des sozialen Netzwerkes Google + (Google Plus), welches von der Google Inc., 1600 Amphitheatre Parkway, Mountain View, Kalifornien, 94043 USA, betrieben wird (nachfolgend \u201eGoogle\u201c). Der Button ist an dem Zeichen \u201e+1\u201c auf wei\u00dfem oder farbigen Hintergrund erkennbar.Bei jedem Aufruf einer Website unseres Internetauftritts, die mit einer \u201e+1\u201c-Schaltfl\u00e4che versehen ist, veranlasst die \u201e+1\u201c-Schaltfl\u00e4che, dass der von Ihnen verwendete Browser die optische Darstellung der \u201e+1\u201c-Schaltfl\u00e4che vom Google \u2013 Server l\u00e4dt und darstellt. Dabei wird dem Google \u2013 Server mitgeteilt, welche bestimmte Webseite unserer Internetpr\u00e4senz Sie gerade besuchen. Wir haben daher keinen Einfluss auf den Umfang der Daten, die Google mit der Schaltfl\u00e4che erhebt und informieren Sie daher entsprechend unserem\u00a0<strong>Kenntnisstand<\/strong>:<br \/>Durch die Einbindung der \u201e+1\u201c-Schaltfl\u00e4che erh\u00e4lt Google die entsprechende Information, welche bestimmte Webseite unserer Internetpr\u00e4senz Sie gerade besuchen. Bet\u00e4tigen Sie die \u201e+1\u201c \u2013 Schaltfl\u00e4che w\u00e4hrend sie bei Google + (Google Plus) eingeloggt sind, erfasst Google \u00fcber ihr Google \u2013 Profil Informationen \u00fcber die von Ihnen empfohlene URL, Ihre IP-Adresse und andere browserbezogene Informationen, damit Ihre \u201e+1\u201c \u2013 Empfehlung gespeichert und \u00f6ffentlich zug\u00e4nglich gemacht werden kann. Ihre \u201e+1\u201c \u2013 Empfehlungen k\u00f6nnen als Hinweise zusammen mit Ihrem Profilnamen und Ihrem Foto in Google \u2013 Diensten, wie etwa in Suchergebnissen oder in Ihrem Google-Profil (als \u201e+1\u201c \u2013 Tab in Ihrem Google \u2013 Profil), oder an anderen Stellen auf Webseiten und Anzeigen im Internet eingeblendet werden.Zweck und Umfang der Datenerhebung und die weitere Verarbeitung und Nutzung der Daten durch Google sowie Ihre diesbez\u00fcglichen Rechte und Einstellungsm\u00f6glichkeiten zum Schutz Ihrer Privatsph\u00e4re entnehmen Sie bitte Googles Datenschutzhinweisen zu der \u201e+1\u201c \u2013 Schaltfl\u00e4che:\u00a0<a title=\"Google Datenschutz\" href=\"http:\/\/fws.telegate.com\/shorturl\/privacygplus\" target=\"_blank\" rel=\"nofollow noopener\">http:\/\/www.google.com\/intl\/de_de\/+\/policy\/+1button.html<\/a>\n<p>Wenn Sie Google Plus-Mitglied sind und nicht m\u00f6chten, dass Google \u00fcber unseren Internetauftritt Daten \u00fcber Sie sammelt und mit Ihren bei Google gespeicherten Mitgliedsdaten verkn\u00fcpft, m\u00fcssen Sie sich vor Ihrem Besuch unseres Internetauftritts bei Google Plus ausloggen.<\/p>\n<\/li>\n<\/ol>\n<\/li>\n<li><b>Auskunft<\/b>Sie haben jederzeit das Recht auf Auskunft \u00fcber die bez\u00fcglich Ihrer Person gespeicherten Daten, deren Herkunft und Empf\u00e4nger sowie den Zweck der Speicherung. Auskunft \u00fcber die gespeicherten Daten erhalten Sie unter der im Impressum angegebenen Adresse.<\/li>\n<li><b>Anwendbares Recht<\/b>Es gilt ausschlie\u00dflich deutsches Recht.<\/li>\n<li><b>Weitere Informationen<\/b>Ihr Vertrauen ist uns wichtig. Daher m\u00f6chten wir Ihnen jederzeit Rede und Antwort bez\u00fcglich der Verarbeitung Ihrer personenbezogenen Daten stehen. Wenn Sie Fragen haben, die Ihnen diese Datenschutzerkl\u00e4rung nicht beantworten konnte oder wenn Sie zu einem Punkt vertiefte Informationen w\u00fcnschen, wenden Sie sich bitte jederzeit an uns unter der im Impressum angegebenen Adresse.Stand: September 2016<\/li>\n<\/ol>\n","protected":false},"excerpt":{"rendered":"<p>Impressum Angaben gem\u00e4\u00df \u00a7 5 TMG: HSG Hanse Schrott GmbHInhaber:\u00a0Herr Farsad WakilzadahLangbergring 57 A21033 Hamburg Telefon:\u00a00163 5002803E-Mail:\u00a0info@hanseschrott.com Vertretungs\u00adberechtigter:Farsad\u00a0Wakilzadah Registerblatt:HRB 180577 Allgemeiner Disclaimer \u201eF\u00fcr Vollst\u00e4ndigkeit, Fehler redaktioneller und technischer Art, Auslassungen usw. sowie die Richtigkeit der Eintragungen kann keine Haftung \u00fcbernommen werden. Insbesondere kann keine Gew\u00e4hr f\u00fcr die Vollst\u00e4ndigkeit und Richtigkeit von Informationen \u00fcbernommen werden, die [&hellip;]<\/p>\n","protected":false},"author":1,"featured_media":0,"parent":0,"menu_order":0,"comment_status":"closed","ping_status":"open","template":"","meta":{"footnotes":""},"class_list":["post-6867","page","type-page","status-publish","hentry"],"_links":{"self":[{"href":"https:\/\/hanseschrott.com\/index.php?rest_route=\/wp\/v2\/pages\/6867","targetHints":{"allow":["GET"]}}],"collection":[{"href":"https:\/\/hanseschrott.com\/index.php?rest_route=\/wp\/v2\/pages"}],"about":[{"href":"https:\/\/hanseschrott.com\/index.php?rest_route=\/wp\/v2\/types\/page"}],"author":[{"embeddable":true,"href":"https:\/\/hanseschrott.com\/index.php?rest_route=\/wp\/v2\/users\/1"}],"replies":[{"embeddable":true,"href":"https:\/\/hanseschrott.com\/index.php?rest_route=%2Fwp%2Fv2%2Fcomments&post=6867"}],"version-history":[{"count":25,"href":"https:\/\/hanseschrott.com\/index.php?rest_route=\/wp\/v2\/pages\/6867\/revisions"}],"predecessor-version":[{"id":7044,"href":"https:\/\/hanseschrott.com\/index.php?rest_route=\/wp\/v2\/pages\/6867\/revisions\/7044"}],"wp:attachment":[{"href":"https:\/\/hanseschrott.com\/index.php?rest_route=%2Fwp%2Fv2%2Fmedia&parent=6867"}],"curies":[{"name":"wp","href":"https:\/\/api.w.org\/{rel}","templated":true}]}}